{"id":72,"date":"2021-11-16T09:31:15","date_gmt":"2021-11-16T09:31:15","guid":{"rendered":"https:\/\/thegenerationalawakening.com\/?page_id=72"},"modified":"2023-01-20T08:20:14","modified_gmt":"2023-01-20T07:20:14","slug":"cookies","status":"publish","type":"page","link":"https:\/\/thegenerationalawakening.com\/fr\/cookies\/","title":{"rendered":"Cookies"},"content":{"rendered":"<h1>\n\t\tCookies\n\t<\/h1>\n\t<p>Nous utilisons des cookies sur notre site Web. Un cookie est un petit fichier texte qui est plac\u00e9 sur votre ordinateur pour aider le site \u00e0 offrir une meilleure exp\u00e9rience utilisateur.<\/p>\n<p>G\u00e9n\u00e9ralement, nous utilisons des cookies pour nous aider \u00e0 administrer ce site Web et \u00e0 am\u00e9liorer la convivialit\u00e9 du site Web. Nous pouvons \u00e9galement utiliser des cookies pour identifier les pages utilis\u00e9es. Cela nous aide \u00e0 analyser les donn\u00e9es sur le trafic des pages Web et \u00e0 am\u00e9liorer notre site Web afin de l&#039;adapter aux visiteurs de notre site Web. Nous utilisons ces informations uniquement \u00e0 des fins d&#039;analyse statistique, puis les donn\u00e9es sont supprim\u00e9es du syst\u00e8me.<\/p>\n<p>Dans l&#039;ensemble, les cookies nous aident \u00e0 vous fournir un meilleur site Web, en nous permettant de surveiller les pages que vous trouvez utiles et celles que vous ne trouvez pas.<\/p>\n<p>Les cookies ne contiennent aucune information permettant de vous identifier personnellement. Un cookie ne nous donne en aucun cas acc\u00e8s \u00e0 votre ordinateur ou \u00e0 des informations vous concernant.<\/p>\n<p>Vous pouvez lire notre politique de confidentialit\u00e9 compl\u00e8te en ligne <a href=\"https:\/\/thegenerationalawakening.com\/fr\/privacy-policy\/\">ici<\/a>.<\/p>\n<p>Tu peux choisir d&#039;accepter ou de refuser les cookies. La plupart des navigateurs Web acceptent automatiquement les cookies, mais vous pouvez g\u00e9n\u00e9ralement modifier les param\u00e8tres de votre navigateur pour refuser les cookies si vous pr\u00e9f\u00e9rez. Cela peut vous emp\u00eacher de profiter pleinement du site Web.<\/p>\n<h3>Cookies sur ce site<\/h3>\n<p>Il existe deux principaux types de cookies : les cookies \u00ab de session \u00bb et les cookies \u00ab persistants \u00bb. Les cookies de session ne durent que pendant la dur\u00e9e pendant laquelle les utilisateurs utilisent le site Web et sont supprim\u00e9s de votre ordinateur lorsque vous fermez votre navigateur, tandis que les cookies persistants durent plus longtemps que les sessions utilisateur et restent stock\u00e9s sur votre ordinateur jusqu&#039;\u00e0 leur suppression ou jusqu&#039;\u00e0 ce qu&#039;ils atteignent leur date d&#039;expiration.<\/p>\n<p>Nous utilisons \u00e0 la fois des cookies de session et des cookies persistants sur ce site Web.<\/p>\n<h3>Cookies tiers<\/h3>\n<p>Nous utilisons \u00e9galement des cookies tiers pour fournir une analyse statistique de l&#039;utilisation du site. Nous cr\u00e9ons des rapports que nous utilisons pour r\u00e9gler le syst\u00e8me et fournir une meilleure interface pour l&#039;utilisateur final.<\/p>\n<p>\u00c0 cette fin, nous utilisons Google Analytics pour analyser l&#039;utilisation de ce site Web. Google Analytics g\u00e9n\u00e8re des informations statistiques et autres sur l&#039;utilisation du site Web au moyen de cookies qui sont stock\u00e9s sur les ordinateurs des utilisateurs. Les informations g\u00e9n\u00e9r\u00e9es concernant notre site Web sont utilis\u00e9es pour cr\u00e9er des rapports sur l&#039;utilisation du site Web. Google stockera et utilisera ces informations. La politique de confidentialit\u00e9 de Google est disponible sur <a href=\"https:\/\/www.google.com\/policies\/privacy\/\" target=\"_blank\" rel=\"noopener\">https:\/\/www.google.com\/policies\/privacy\/<\/a>. Si vous souhaitez d\u00e9sactiver le suivi par Google Analytics sur tous les sites Web, veuillez visiter\u00a0: <a href=\"https:\/\/tools.google.com\/dlpage\/gaoptout\" target=\"_blank\" rel=\"noopener\">https:\/\/tools.google.com\/dlpage\/gaoptout<\/a>.<\/p>\n<p>La plupart des navigateurs vous permettent de rejeter tous les cookies, tandis que certains navigateurs vous permettent de rejeter uniquement les cookies tiers.<\/p>\n<h3>Comment modifier mes param\u00e8tres de cookies ?<\/h3>\n<p>La plupart des navigateurs Web permettent un certain contr\u00f4le de la plupart des cookies via les param\u00e8tres du navigateur. Pour en savoir plus sur les cookies, y compris comment voir quels cookies ont \u00e9t\u00e9 d\u00e9finis, visitez <a href=\"https:\/\/www.allaboutcookies.org\/\" target=\"_blank\" rel=\"noopener\">www.allaboutcookies.org<\/a>.<\/p>\n<p>D\u00e9couvrez comment g\u00e9rer les cookies sur les navigateurs populaires :<\/p>\n<ul>\n<li><a href=\"https:\/\/support.google.com\/accounts\/answer\/61416\" target=\"_blank\" rel=\"noopener\">Google Chrome<\/a><\/li>\n<li><a href=\"https:\/\/support.microsoft.com\/en-us\/windows\/microsoft-edge-browsing-data-and-privacy-bb8174ba-9d73-dcf2-9b4a-c582b4e640dd\" target=\"_blank\" rel=\"noopener\">Bord Microsoft<\/a><\/li>\n<li><a href=\"https:\/\/support.mozilla.org\/en-US\/kb\/enhanced-tracking-protection-firefox-desktop\" target=\"_blank\" rel=\"noopener\">MozillaFirefox<\/a><\/li>\n<li><a href=\"https:\/\/support.microsoft.com\/en-us\/windows\/delete-and-manage-cookies-168dab11-0753-043d-7c16-ede5947fc64d\" target=\"_blank\" rel=\"noopener\">Microsoft Internet Explorer<\/a><\/li>\n<li><a href=\"https:\/\/help.opera.com\/en\/latest\/web-preferences\/\" target=\"_blank\" rel=\"noopener\">Op\u00e9ra<\/a><\/li>\n<li><a href=\"https:\/\/support.apple.com\/en-gb\/guide\/safari\/sfri11471\/mac\" target=\"_blank\" rel=\"noopener\">Pomme Safari<\/a><\/li>\n<\/ul>\n<p>Pour trouver des informations relatives \u00e0 d&#039;autres navigateurs, visitez le site Web du d\u00e9veloppeur du navigateur.<\/p>","protected":false},"excerpt":{"rendered":"<p>Cookies Nous utilisons des cookies sur notre site Web. Un cookie est un petit fichier texte plac\u00e9 sur votre ordinateur pour aider le site \u00e0 offrir une meilleure exp\u00e9rience utilisateur. G\u00e9n\u00e9ralement, nous utilisons des cookies pour nous aider \u00e0 administrer ce site Web et \u00e0 am\u00e9liorer la convivialit\u00e9 du site Web. Nous pouvons \u00e9galement utiliser des cookies pour identifier les pages qui sont\u2026<\/p>","protected":false},"author":1,"featured_media":0,"parent":0,"menu_order":0,"comment_status":"closed","ping_status":"closed","template":"","meta":{"_acf_changed":false,"give_campaign_id":0,"_seopress_robots_primary_cat":"","_seopress_titles_title":"","_seopress_titles_desc":"","_seopress_robots_index":"","footnotes":""},"class_list":["post-72","page","type-page","status-publish","hentry"],"acf":[],"campaignId":"","_links":{"self":[{"href":"https:\/\/thegenerationalawakening.com\/fr\/wp-json\/wp\/v2\/pages\/72","targetHints":{"allow":["GET"]}}],"collection":[{"href":"https:\/\/thegenerationalawakening.com\/fr\/wp-json\/wp\/v2\/pages"}],"about":[{"href":"https:\/\/thegenerationalawakening.com\/fr\/wp-json\/wp\/v2\/types\/page"}],"author":[{"embeddable":true,"href":"https:\/\/thegenerationalawakening.com\/fr\/wp-json\/wp\/v2\/users\/1"}],"replies":[{"embeddable":true,"href":"https:\/\/thegenerationalawakening.com\/fr\/wp-json\/wp\/v2\/comments?post=72"}],"version-history":[{"count":0,"href":"https:\/\/thegenerationalawakening.com\/fr\/wp-json\/wp\/v2\/pages\/72\/revisions"}],"wp:attachment":[{"href":"https:\/\/thegenerationalawakening.com\/fr\/wp-json\/wp\/v2\/media?parent=72"}],"curies":[{"name":"wp","href":"https:\/\/api.w.org\/{rel}","templated":true}]}}