{"id":69,"date":"2021-11-16T09:26:17","date_gmt":"2021-11-16T09:26:17","guid":{"rendered":"https:\/\/thegenerationalawakening.com\/?page_id=69"},"modified":"2023-01-20T08:22:08","modified_gmt":"2023-01-20T07:22:08","slug":"gdpr","status":"publish","type":"page","link":"https:\/\/thegenerationalawakening.com\/fr\/gdpr\/","title":{"rendered":"RGPD"},"content":{"rendered":"<h1>\n\t\tRGPD\n\t<\/h1>\n\t<p><strong>Vos donn\u00e9es vous appartiennent<\/strong>. Vous pouvez demander \u00e0 recevoir les donn\u00e9es que nous d\u00e9tenons \u00e0 votre sujet ou nous demander de supprimer ces donn\u00e9es en utilisant les formulaires ci-dessous.<\/p>\n\t\t\t\tDemande d&#039;exportation de donn\u00e9es Demande de suppression de donn\u00e9es Demande d&#039;exportation de donn\u00e9es\n\t\t\t\t<p>Si \u00e0 tout moment vous souhaitez recevoir une copie des donn\u00e9es que nous d\u00e9tenons \u00e0 votre sujet, remplissez le formulaire ci-dessous.<\/p>\n<form action=\"https:\/\/thegenerationalawakening.com\/fr\/wp-json\/ws-form\/v1\/submit\" class=\"wsf-form wsf-form-canvas\" id=\"ws-form-1\" data-id=\"3\" method=\"POST\" data-instance-id=\"1\" data-wsf-style-id=\"1\" data-trp-original-action=\"https:\/\/thegenerationalawakening.com\/fr\/wp-json\/ws-form\/v1\/submit\"><input type=\"hidden\" name=\"trp-form-language\" value=\"fr\"\/><\/form>\n\t\t\t\t\t\t\tDemande de suppression de donn\u00e9es\n\t\t\t\t<p>Si \u00e0 tout moment vous souhaitez supprimer vos donn\u00e9es de notre site, remplissez simplement le formulaire ci-dessous.<\/p>\n<form action=\"https:\/\/thegenerationalawakening.com\/fr\/wp-json\/ws-form\/v1\/submit\" class=\"wsf-form wsf-form-canvas\" id=\"ws-form-2\" data-id=\"2\" method=\"POST\" data-instance-id=\"2\" data-wsf-style-id=\"1\" data-trp-original-action=\"https:\/\/thegenerationalawakening.com\/fr\/wp-json\/ws-form\/v1\/submit\"><input type=\"hidden\" name=\"trp-form-language\" value=\"fr\"\/><\/form>","protected":false},"excerpt":{"rendered":"<p>RGPD Vos donn\u00e9es vous appartiennent. Vous pouvez demander \u00e0 recevoir les donn\u00e9es que nous d\u00e9tenons \u00e0 votre sujet ou demander que nous supprimions ces donn\u00e9es en utilisant les formulaires ci-dessous. Demande d&#039;exportation de donn\u00e9es Demande de suppression de donn\u00e9es Demande d&#039;exportation de donn\u00e9es Si \u00e0 tout moment vous souhaitez recevoir une copie des donn\u00e9es que nous d\u00e9tenons sur\u2026<\/p>","protected":false},"author":1,"featured_media":0,"parent":0,"menu_order":0,"comment_status":"closed","ping_status":"closed","template":"","meta":{"_acf_changed":false,"give_campaign_id":0,"_seopress_robots_primary_cat":"","_seopress_titles_title":"","_seopress_titles_desc":"","_seopress_robots_index":"","footnotes":""},"class_list":["post-69","page","type-page","status-publish","hentry"],"acf":[],"campaignId":"","_links":{"self":[{"href":"https:\/\/thegenerationalawakening.com\/fr\/wp-json\/wp\/v2\/pages\/69","targetHints":{"allow":["GET"]}}],"collection":[{"href":"https:\/\/thegenerationalawakening.com\/fr\/wp-json\/wp\/v2\/pages"}],"about":[{"href":"https:\/\/thegenerationalawakening.com\/fr\/wp-json\/wp\/v2\/types\/page"}],"author":[{"embeddable":true,"href":"https:\/\/thegenerationalawakening.com\/fr\/wp-json\/wp\/v2\/users\/1"}],"replies":[{"embeddable":true,"href":"https:\/\/thegenerationalawakening.com\/fr\/wp-json\/wp\/v2\/comments?post=69"}],"version-history":[{"count":0,"href":"https:\/\/thegenerationalawakening.com\/fr\/wp-json\/wp\/v2\/pages\/69\/revisions"}],"wp:attachment":[{"href":"https:\/\/thegenerationalawakening.com\/fr\/wp-json\/wp\/v2\/media?parent=69"}],"curies":[{"name":"wp","href":"https:\/\/api.w.org\/{rel}","templated":true}]}}