{"id":394,"date":"2023-04-13T15:49:07","date_gmt":"2023-04-13T13:49:07","guid":{"rendered":"https:\/\/thegenerationalawakening.com\/?page_id=394"},"modified":"2023-04-13T15:57:19","modified_gmt":"2023-04-13T13:57:19","slug":"subscribe","status":"publish","type":"page","link":"https:\/\/thegenerationalawakening.com\/fr\/subscribe\/","title":{"rendered":"S&#039;abonner"},"content":{"rendered":"<h1>\n\t\tS&#039;abonner\n\t<\/h1>\n\t<p>Inscrivez-vous \u00e0 la liste de diffusion et b\u00e9n\u00e9ficiez de ces avantages :<\/p>\n<ul>\n<li class=\"translation-block\">Restez inform\u00e9 de l'\u00e9volution du projet du livre <em>\u00ab L'\u00c9veil des G\u00e9n\u00e9rations \u00bb.<\/em><\/li>\n<li>Recevez des ressources gratuites occasionnelles, notamment la \u00ab Liste des dix meilleurs \u00bb disponible d\u00e8s maintenant<\/li>\n<li>Etre invit\u00e9 \u00e0 rejoindre l'\u00e9quipe de pr\u00e9-lancement et recevoir un exemplaire gratuit du livre<\/li>\n<\/ul>\n\t<form action=\"https:\/\/thegenerationalawakening.com\/fr\/wp-json\/ws-form\/v1\/submit\" class=\"wsf-form wsf-form-canvas\" id=\"ws-form-1\" data-id=\"6\" method=\"POST\" data-instance-id=\"1\" data-wsf-style-id=\"1\" data-trp-original-action=\"https:\/\/thegenerationalawakening.com\/fr\/wp-json\/ws-form\/v1\/submit\"><input type=\"hidden\" name=\"trp-form-language\" value=\"fr\"\/><\/form>","protected":false},"excerpt":{"rendered":"<p>Abonnez-vous Inscrivez-vous \u00e0 la liste de diffusion et b\u00e9n\u00e9ficiez des avantages suivants : Restez inform\u00e9 du projet de livre \u00ab L&#039;\u00e9veil g\u00e9n\u00e9rationnel \u00bb Recevez des ressources gratuites occasionnelles, notamment la \u00ab Liste des dix meilleurs \u00bb disponibles d\u00e8s maintenant Soyez invit\u00e9 \u00e0 rejoindre l&#039;\u00e9quipe de pr\u00e9-lancement et recevez un exemplaire gratuit du livre \u00e0 r\u00e9viser<\/p>","protected":false},"author":1,"featured_media":0,"parent":0,"menu_order":0,"comment_status":"closed","ping_status":"closed","template":"","meta":{"_acf_changed":false,"give_campaign_id":0,"_seopress_robots_primary_cat":"","_seopress_titles_title":"","_seopress_titles_desc":"","_seopress_robots_index":"","footnotes":""},"class_list":["post-394","page","type-page","status-publish","hentry"],"acf":[],"campaignId":"","_links":{"self":[{"href":"https:\/\/thegenerationalawakening.com\/fr\/wp-json\/wp\/v2\/pages\/394","targetHints":{"allow":["GET"]}}],"collection":[{"href":"https:\/\/thegenerationalawakening.com\/fr\/wp-json\/wp\/v2\/pages"}],"about":[{"href":"https:\/\/thegenerationalawakening.com\/fr\/wp-json\/wp\/v2\/types\/page"}],"author":[{"embeddable":true,"href":"https:\/\/thegenerationalawakening.com\/fr\/wp-json\/wp\/v2\/users\/1"}],"replies":[{"embeddable":true,"href":"https:\/\/thegenerationalawakening.com\/fr\/wp-json\/wp\/v2\/comments?post=394"}],"version-history":[{"count":0,"href":"https:\/\/thegenerationalawakening.com\/fr\/wp-json\/wp\/v2\/pages\/394\/revisions"}],"wp:attachment":[{"href":"https:\/\/thegenerationalawakening.com\/fr\/wp-json\/wp\/v2\/media?parent=394"}],"curies":[{"name":"wp","href":"https:\/\/api.w.org\/{rel}","templated":true}]}}