{"id":327,"date":"2023-01-18T18:52:30","date_gmt":"2023-01-18T17:52:30","guid":{"rendered":"https:\/\/thegenerationalawakening.com\/?page_id=327"},"modified":"2023-01-20T07:51:48","modified_gmt":"2023-01-20T06:51:48","slug":"new","status":"publish","type":"page","link":"https:\/\/thegenerationalawakening.com\/fr\/new\/","title":{"rendered":"Nouveau"},"content":{"rendered":"<p>L&#039;\u00c9glise mondiale traverse une crise de discipulat o\u00f9 seulement 10% de jeunes dans nos familles et \u00e9glises chr\u00e9tiennes sont consid\u00e9r\u00e9s comme ayant une foi claire et \u00ab r\u00e9siliente \u00bb, et un nombre croissant quittent l&#039;\u00c9glise. De nombreux parents et dirigeants d\u2019\u00e9glise se sentent d\u00e9vast\u00e9s, vaincus et d\u00e9courag\u00e9s par cette r\u00e9alit\u00e9.<\/p>\n<p>Nous avons besoin d&#039;un r\u00e9veil de la part de Dieu de toutes les g\u00e9n\u00e9rations de l&#039;\u00c9glise aujourd&#039;hui pour voir les choses du point de vue de Dieu et d\u00e9couvrir comment nourrir plus efficacement nos enfants pour qu&#039;ils deviennent des disciples r\u00e9silients et permanents de J\u00e9sus.<\/p>\n<p><em>L'\u00c9veil des G\u00e9n\u00e9rations<\/em> est un livre \u00e9crit pour vous encourager, vous \u00e9quiper et vous responsabiliser alors que nous dirigeons nos familles et nos \u00e9glises dans ce qui, je crois, pourrait \u00eatre la plus grande saison de r\u00e9veil de l'histoire.<\/p>\n\t\t\t\t<img loading=\"lazy\" decoding=\"async\" src=\"https:\/\/thegenerationalawakening.com\/wp-content\/uploads\/2023\/01\/tga-cover-new-190123.png\" alt=\"tga cover new 190123\" itemprop=\"image\" height=\"852\" width=\"1114\" title=\"couverture tga nouvelle 190123\" onerror=\"this.style.display='none'\"  \/>\n\t<p>Inscrivez-vous \u00e0 la liste de diffusion et b\u00e9n\u00e9ficiez de ces avantages :<\/p>\n<ul>\n<li class=\"translation-block\">Restez inform\u00e9 de l'\u00e9volution du projet du livre <em>\u00ab L'\u00c9veil des G\u00e9n\u00e9rations \u00bb.<\/em><\/li>\n<li>Recevez des ressources gratuites occasionnelles, notamment la \u00ab Liste des dix meilleurs \u00bb disponible d\u00e8s maintenant<\/li>\n<li>Etre invit\u00e9 \u00e0 rejoindre l'\u00e9quipe de pr\u00e9-lancement et recevoir un exemplaire gratuit du livre<\/li>\n<\/ul>\n\t<a href=\"#\" id=\"trigger-\" data-modal=\"\" data-node=\"\">\n\t\t\t\t\t\t\t\t\tINSCRIVEZ-VOUS \u00c0 LA LISTE DE DIFFUSION\n\t\t\t\t\t\t\t\t\t\t\t\t<\/a>\n\t\t\t\t\t\tAper\u00e7u modal-\n\t\t\t\t\t\t\t\t\t\t\t<h2 id=\"modal-title-\">Inscrivez-vous \u00e0 la liste de diffusion<\/h2>\t\t\t\t\t\t\t\t\t\t\t\t\t\t\t\t\n\t\t\t\t\t\t<p class=\"translation-block\">Si vous souhaitez \u00eatre averti lorsque <em>L'\u00c9veil des G\u00e9n\u00e9rations<\/em> est publi\u00e9, veuillez remplir le formulaire ci-dessous.<\/p>\n<form action=\"https:\/\/thegenerationalawakening.com\/fr\/wp-json\/ws-form\/v1\/submit\" class=\"wsf-form wsf-form-canvas\" id=\"ws-form-1\" data-id=\"6\" method=\"POST\" data-instance-id=\"1\" data-wsf-style-id=\"1\" data-trp-original-action=\"https:\/\/thegenerationalawakening.com\/fr\/wp-json\/ws-form\/v1\/submit\"><input type=\"hidden\" name=\"trp-form-language\" value=\"fr\"\/><\/form>","protected":false},"excerpt":{"rendered":"<p>L&#039;\u00c9glise mondiale traverse une crise de discipulat o\u00f9 seulement 10% de jeunes dans nos familles et \u00e9glises chr\u00e9tiennes sont consid\u00e9r\u00e9s comme ayant une foi claire et \u00ab r\u00e9siliente \u00bb, et un nombre croissant quittent l&#039;\u00c9glise. De nombreux parents et dirigeants d\u2019\u00e9glise se sentent d\u00e9vast\u00e9s, vaincus et d\u00e9courag\u00e9s par cette r\u00e9alit\u00e9. Nous avons besoin d&#039;un\u2026<\/p>","protected":false},"author":1,"featured_media":0,"parent":0,"menu_order":0,"comment_status":"closed","ping_status":"closed","template":"","meta":{"_acf_changed":false,"give_campaign_id":0,"_seopress_robots_primary_cat":"","_seopress_titles_title":"","_seopress_titles_desc":"","_seopress_robots_index":"","footnotes":""},"class_list":["post-327","page","type-page","status-publish","hentry"],"acf":[],"campaignId":"","_links":{"self":[{"href":"https:\/\/thegenerationalawakening.com\/fr\/wp-json\/wp\/v2\/pages\/327","targetHints":{"allow":["GET"]}}],"collection":[{"href":"https:\/\/thegenerationalawakening.com\/fr\/wp-json\/wp\/v2\/pages"}],"about":[{"href":"https:\/\/thegenerationalawakening.com\/fr\/wp-json\/wp\/v2\/types\/page"}],"author":[{"embeddable":true,"href":"https:\/\/thegenerationalawakening.com\/fr\/wp-json\/wp\/v2\/users\/1"}],"replies":[{"embeddable":true,"href":"https:\/\/thegenerationalawakening.com\/fr\/wp-json\/wp\/v2\/comments?post=327"}],"version-history":[{"count":0,"href":"https:\/\/thegenerationalawakening.com\/fr\/wp-json\/wp\/v2\/pages\/327\/revisions"}],"wp:attachment":[{"href":"https:\/\/thegenerationalawakening.com\/fr\/wp-json\/wp\/v2\/media?parent=327"}],"curies":[{"name":"wp","href":"https:\/\/api.w.org\/{rel}","templated":true}]}}