{"id":311,"date":"2023-01-04T09:31:37","date_gmt":"2023-01-04T08:31:37","guid":{"rendered":"https:\/\/thegenerationalawakening.com\/?page_id=311"},"modified":"2023-06-05T19:36:23","modified_gmt":"2023-06-05T17:36:23","slug":"foundational-seed-funder","status":"publish","type":"page","link":"https:\/\/thegenerationalawakening.com\/fr\/foundational-seed-funder\/","title":{"rendered":"Bailleur de fonds de d\u00e9marrage fondateur"},"content":{"rendered":"<h1>\n\t\tDevenez un partenaire fondateur de l&#039;\u00c9glise\n\t<\/h1>\n\t<p>Apportant <em>L'\u00c9veil des G\u00e9n\u00e9rations<\/em> livre \u00e0 la publication, la production du mat\u00e9riel de formation, le d\u00e9veloppement du site Web et la production du contenu vid\u00e9o, d\u00e9pend enti\u00e8rement des dons et de la g\u00e9n\u00e9rosit\u00e9.<\/p>\n<p>Maintenant <em>L'\u00c9veil des G\u00e9n\u00e9rations<\/em> est un<\/p>\n<ul>\n<li><strong>Site Internet<\/strong> pour vous inscrire pour obtenir des informations et une copie num\u00e9rique gratuite du livre une fois publi\u00e9\u00a0: <a href=\"https:\/\/thegenerationalawakening.com\/fr\/\">https:\/\/thegenerationalawakening.com\/<\/a><\/li>\n<li><strong>Cha\u00eene Youtube<\/strong> <a href=\"https:\/\/www.youtube.com\/@thegenerationalawakening777\" target=\"_blank\" rel=\"noopener\">https:\/\/www.youtube.com\/@thegenerationalawakening777<\/a><\/li>\n<li><strong>Groupe Facebook<\/strong> <a href=\"https:\/\/www.facebook.com\/groups\/leveildesgenerations\" target=\"_blank\" rel=\"noopener\">https:\/\/www.facebook.com\/groups\/leveildesgenerations<\/a><\/li>\n<\/ul>\n<p>Vous \u00eates invit\u00e9s \u00e0 vous joindre \u00e0 cette aventure en devenant un <strong>Partenaire fondateur de l&#039;\u00c9glise pour le financement de d\u00e9marrage<\/strong> \u00e0 travers un <strong>don de $1 200<\/strong> en un seul don, ou 12 dons mensuels de $100.<\/p>\n<p>Un don ponctuel important contribuera aux co\u00fbts imm\u00e9diats de publication, d&#039;enregistrement et de traduction, tandis qu&#039;un don mensuel r\u00e9gulier contribuera aux d\u00e9penses d&#039;h\u00e9bergement et de d\u00e9veloppement en cours.<\/p>\n<p><strong>Les partenaires Seed-Funder recevront les avantages et bonus suivants\u00a0:<\/strong><\/p>\n<ul>\n<li>Invitation VIP \u00e0 l&#039;\u00e9v\u00e9nement de pr\u00e9lancement du livre sur Zoom<\/li>\n<li>Formation et mat\u00e9riel bonus r\u00e9serv\u00e9s aux \u00e9glises participantes<\/li>\n<li>Acc\u00e8s prioritaire \u00e0 toutes les offres de formation et de coaching<\/li>\n<li>Rabais de $1 200 sur huit semaines <em>R\u00e9veil g\u00e9n\u00e9rationnel<\/em> Prix de lancement du programme de coaching de groupe<\/li>\n<li>Remise sp\u00e9ciale sur l&#039;achat de livres TGA en vrac<\/li>\n<\/ul>\n<p><strong>Les \u00e9glises qui font un don de financement de d\u00e9marrage complet de $1 200 recevront \u00e9galement les bonus suivants\u00a0:<\/strong><\/p>\n<ul>\n<li>\u00c9valuation gratuite du minist\u00e8re de la famille de l&#039;\u00c9glise (CFMA)<\/li>\n<li>Un an d&#039;assistance prioritaire par e-mail personnel<\/li>\n<li>De plus, les 10 premi\u00e8res \u00e9glises donatrices recevront un examen personnel de votre CFMA et une s\u00e9ance de coaching individuel (une heure)<\/li>\n<\/ul>\n<p>Si vous souhaitez devenir un partenaire fondateur de l&#039;\u00e9glise de financement de d\u00e9marrage, veuillez cliquer sur l&#039;un des boutons ci-dessous pour choisir si vous faites un don unique ou 12 dons mensuels.<\/p>\n\t\t\t\tDon unique de $1,200 12 dons mensuels de $100 Don unique de $1,200\n\t\t\t\t<div class=\"give-embed-form-wrapper\" id=\"give-69f9e0a08af73\"><iframe\n\t\t\t\tname=\"give-embed-form\"\n\t\t\t\tsrc=\"https:\/\/thegenerationalawakening.com\/fr\/give\/foundational-seed-funding-one-off?giveDonationFormInIframe=1\"\n\t\t\t\t\n\t\t\t\tdata-autoscroll=\"0\"\n\t\t\t\tonload=\"if( 'undefined' !== typeof Give ) { Give.initializeIframeResize(this) }\"\n\t\t\t\tstyle=\"border: 0;visibility: hidden;min-height: 645px;\"><\/iframe><div class=\"iframe-loader\">\n<div style=\"\t\theight: calc(100% - 28px);\t\twidth: calc(100% - 20px);\t\tmax-width: 552px;\t\tmargin: 10px auto 10px auto;\t\tbackground: transparent;\t\tborder-radius: 6px;\t\tdisplay: flex;\t\talign-items: center;\t\tjustify-content: center;\t\">\n    <div style=\"        pointer-events: none;        height: 90px;        width: 90px;        background-image: url(&quot;data:image\/svg+xml;charset=utf8,%3C?xml version='1.0' encoding='utf-8'?%3E%3C!-- Generator: Adobe Illustrator 24.1.0, SVG Export Plug-In . SVG Version: 6.00 Build 0) --%3E%3Csvg version='1.1' id='Layer_1' xmlns='http:\/\/www.w3.org\/2000\/svg' xmlns:xlink='http:\/\/www.w3.org\/1999\/xlink' x='0px' y='0px' viewBox='0 0 349 348' style='enable-background:new 0 0 349 348;' xml:space='preserve'%3E%3Cstyle type='text\/css'%3E .st0{fill:%23900b60;} %3C\/style%3E%3Cpath class='st0' d='M25.1,204.57c-13.38,0-24.47-10.6-24.97-24.08C0.04,178.09,0,175.97,0,174C0,77.78,78.28-0.5,174.5-0.5 c13.81,0,25,11.19,25,25s-11.19,25-25,25C105.85,49.5,50,105.35,50,174c0,1.37,0.03,2.85,0.1,4.65c0.51,13.8-10.27,25.39-24.07,25.9 C25.72,204.56,25.41,204.57,25.1,204.57z'\/%3E%3Cpath class='st0' d='M174.5,348.5c-13.81,0-25-11.19-25-25c0-13.81,11.19-25,25-25c68.65,0,124.5-55.85,124.5-124.5 c0-1.38-0.03-2.85-0.1-4.65c-0.51-13.8,10.26-25.4,24.06-25.91c13.83-0.53,25.4,10.26,25.91,24.06c0.09,2.39,0.13,4.51,0.13,6.49 C349,270.22,270.72,348.5,174.5,348.5z'\/%3E%3C\/svg%3E&quot;);        animation: spin 0.6s linear infinite;        \"><\/div>\n<\/div>\n<\/div><\/div>\n\t\t\t\t\t\t\t12 dons mensuels de $100\n\t\t\t\t<div class=\"give-embed-form-wrapper\" id=\"give-69f9e0a08b6c0\"><iframe\n\t\t\t\tname=\"give-embed-form\"\n\t\t\t\tsrc=\"https:\/\/thegenerationalawakening.com\/fr\/give\/foundational-seed-funding-recurring?giveDonationFormInIframe=1\"\n\t\t\t\t\n\t\t\t\tdata-autoscroll=\"0\"\n\t\t\t\tonload=\"if( 'undefined' !== typeof Give ) { Give.initializeIframeResize(this) }\"\n\t\t\t\tstyle=\"border: 0;visibility: hidden;min-height: 645px;\"><\/iframe><div class=\"iframe-loader\">\n<div style=\"\t\theight: calc(100% - 28px);\t\twidth: calc(100% - 20px);\t\tmax-width: 552px;\t\tmargin: 10px auto 10px auto;\t\tbackground: transparent;\t\tborder-radius: 6px;\t\tdisplay: flex;\t\talign-items: center;\t\tjustify-content: center;\t\">\n    <div style=\"        pointer-events: none;        height: 90px;        width: 90px;        background-image: url(&quot;data:image\/svg+xml;charset=utf8,%3C?xml version='1.0' encoding='utf-8'?%3E%3C!-- Generator: Adobe Illustrator 24.1.0, SVG Export Plug-In . SVG Version: 6.00 Build 0) --%3E%3Csvg version='1.1' id='Layer_1' xmlns='http:\/\/www.w3.org\/2000\/svg' xmlns:xlink='http:\/\/www.w3.org\/1999\/xlink' x='0px' y='0px' viewBox='0 0 349 348' style='enable-background:new 0 0 349 348;' xml:space='preserve'%3E%3Cstyle type='text\/css'%3E .st0{fill:%23900b60;} %3C\/style%3E%3Cpath class='st0' d='M25.1,204.57c-13.38,0-24.47-10.6-24.97-24.08C0.04,178.09,0,175.97,0,174C0,77.78,78.28-0.5,174.5-0.5 c13.81,0,25,11.19,25,25s-11.19,25-25,25C105.85,49.5,50,105.35,50,174c0,1.37,0.03,2.85,0.1,4.65c0.51,13.8-10.27,25.39-24.07,25.9 C25.72,204.56,25.41,204.57,25.1,204.57z'\/%3E%3Cpath class='st0' d='M174.5,348.5c-13.81,0-25-11.19-25-25c0-13.81,11.19-25,25-25c68.65,0,124.5-55.85,124.5-124.5 c0-1.38-0.03-2.85-0.1-4.65c-0.51-13.8,10.26-25.4,24.06-25.91c13.83-0.53,25.4,10.26,25.91,24.06c0.09,2.39,0.13,4.51,0.13,6.49 C349,270.22,270.72,348.5,174.5,348.5z'\/%3E%3C\/svg%3E&quot;);        animation: spin 0.6s linear infinite;        \"><\/div>\n<\/div>\n<\/div><\/div>","protected":false},"excerpt":{"rendered":"<p>Devenir un partenaire fondateur de l&#039;\u00c9glise La publication du livre The Generational Awakening, la production du mat\u00e9riel de formation, le d\u00e9veloppement du site Web et la production du contenu vid\u00e9o d\u00e9pendent enti\u00e8rement des dons et de la g\u00e9n\u00e9rosit\u00e9. \u00c0 l&#039;heure actuelle, The Generational Awakening est un site Web permettant de s&#039;inscrire pour obtenir des informations et une copie num\u00e9rique gratuite du livre une fois publi\u00e9 : https:\/\/thegenerationalawakening.com\/\u2026<\/p>","protected":false},"author":1,"featured_media":0,"parent":0,"menu_order":0,"comment_status":"closed","ping_status":"closed","template":"","meta":{"_acf_changed":false,"give_campaign_id":0,"_seopress_robots_primary_cat":"","_seopress_titles_title":"","_seopress_titles_desc":"","_seopress_robots_index":"","footnotes":""},"class_list":["post-311","page","type-page","status-publish","hentry"],"acf":[],"campaignId":"","_links":{"self":[{"href":"https:\/\/thegenerationalawakening.com\/fr\/wp-json\/wp\/v2\/pages\/311","targetHints":{"allow":["GET"]}}],"collection":[{"href":"https:\/\/thegenerationalawakening.com\/fr\/wp-json\/wp\/v2\/pages"}],"about":[{"href":"https:\/\/thegenerationalawakening.com\/fr\/wp-json\/wp\/v2\/types\/page"}],"author":[{"embeddable":true,"href":"https:\/\/thegenerationalawakening.com\/fr\/wp-json\/wp\/v2\/users\/1"}],"replies":[{"embeddable":true,"href":"https:\/\/thegenerationalawakening.com\/fr\/wp-json\/wp\/v2\/comments?post=311"}],"version-history":[{"count":1,"href":"https:\/\/thegenerationalawakening.com\/fr\/wp-json\/wp\/v2\/pages\/311\/revisions"}],"predecessor-version":[{"id":513,"href":"https:\/\/thegenerationalawakening.com\/fr\/wp-json\/wp\/v2\/pages\/311\/revisions\/513"}],"wp:attachment":[{"href":"https:\/\/thegenerationalawakening.com\/fr\/wp-json\/wp\/v2\/media?parent=311"}],"curies":[{"name":"wp","href":"https:\/\/api.w.org\/{rel}","templated":true}]}}