{"id":31,"date":"2021-07-12T14:00:46","date_gmt":"2021-07-12T14:00:46","guid":{"rendered":"https:\/\/template120721.perfectlydigital.dev\/?page_id=31"},"modified":"2025-07-25T10:40:04","modified_gmt":"2025-07-25T08:40:04","slug":"home","status":"publish","type":"page","link":"https:\/\/thegenerationalawakening.com\/fr\/","title":{"rendered":"Domicile"},"content":{"rendered":"<p>L&#039;\u00c9glise mondiale traverse une crise de discipulat o\u00f9 seulement 10% de jeunes dans nos familles et \u00e9glises chr\u00e9tiennes sont consid\u00e9r\u00e9s comme ayant une foi claire et \u00ab r\u00e9siliente \u00bb, et un nombre croissant quittent l&#039;\u00c9glise. De nombreux parents et dirigeants d\u2019\u00e9glise se sentent d\u00e9vast\u00e9s, vaincus et d\u00e9courag\u00e9s par cette r\u00e9alit\u00e9.<\/p>\n\t<p>Nous avons besoin d&#039;un r\u00e9veil de la part de Dieu de toutes les g\u00e9n\u00e9rations de l&#039;\u00c9glise aujourd&#039;hui pour voir les choses du point de vue de Dieu et d\u00e9couvrir comment nourrir plus efficacement nos enfants pour qu&#039;ils deviennent des disciples forts et r\u00e9silients de J\u00e9sus.<\/p>\n<p>Les plateformes The Generational Awakening (TGA) \u201cL'\u00c9veil des G\u00e9n\u00e9rations\u201d constituent un centre unique des resources pour les \u00e9glises et les familles. La Vision est <strong>d'Encourager<\/strong>, <strong>d'\u00c9quiper<\/strong> et de <strong>Responsabiliser<\/strong> toutes les g\u00e9n\u00e9rations pour mieux former leurs enfants et les g\u00e9n\u00e9rations futures.<\/p>\n\t\t\t\t<img decoding=\"async\" src=\"https:\/\/thegenerationalawakening.com\/wp-content\/uploads\/2024\/07\/pexels-any-lane-5728209-900.jpg\" alt=\"pexels-any-lane-5728209 900\" itemprop=\"image\" height=\"600\" width=\"900\" title=\"pexels-any-lane-5728209 900\" onerror=\"this.style.display='none'\" loading=\"lazy\" \/>\n<h2>\n\t\t\tAbonnez-vous \u00e0 TGA sur les r\u00e9seaux sociaux\t<\/h2>\n\t<p>Cliquez sur les images ci-dessous pour vous abonner \u00e0 notre <a href=\"https:\/\/www.youtube.com\/@thegenerationalawakening777\" target=\"_blank\" rel=\"noopener\">Cha\u00eene Youtube<\/a>\u00a0et de <a href=\"https:\/\/www.facebook.com\/groups\/leveildesgenerations\" target=\"_blank\" rel=\"noopener\">Groupe Facebook<\/a>. S&#039;il vous pla\u00eet, invitez d&#039;autres personnes que vous connaissez, dont les familles et les \u00e9glises seraient b\u00e9nies gr\u00e2ce au contenu et aux ressources, \u00e0 faire de m\u00eame.<\/p>\n\t\t\t\t<a href=\"https:\/\/www.youtube.com\/@thegenerationalawakening777\"  target=\"_blank\" rel=\"noopener\"  itemprop=\"url\">\n\t\t\t\t<img decoding=\"async\" src=\"https:\/\/thegenerationalawakening.com\/wp-content\/uploads\/2024\/07\/youtube-v2.png\" alt=\"youtube v2\" itemprop=\"image\" height=\"200\" width=\"400\" title=\"YouTubev2\" onerror=\"this.style.display='none'\" loading=\"lazy\" \/>\n\t\t\t\t<\/a>\n\t\t\t\t<a href=\"https:\/\/www.facebook.com\/groups\/leveildesgenerations\"  target=\"_blank\" rel=\"noopener\"  itemprop=\"url\">\n\t\t\t\t<img decoding=\"async\" src=\"https:\/\/thegenerationalawakening.com\/wp-content\/uploads\/2024\/07\/facebook-400-v2.png\" alt=\"facebook 400 v2\" itemprop=\"image\" height=\"200\" width=\"400\" title=\"facebook400v2\" onerror=\"this.style.display='none'\" loading=\"lazy\" \/>\n\t\t\t\t<\/a>\n\t<p>Inscrivez-vous \u00e0 la liste de diffusion et recevez des ressources bonus et des mises \u00e0 jour.<\/p>\n\t<a href=\"#\" id=\"trigger-\" role=\"button\" data-modal=\"\" data-node=\"\">\n\t\t\t\t\t\t\t\t\tINSCRIVEZ-VOUS \u00c0 LA LISTE DE DIFFUSION\n\t\t\t\t\t\t\t\t\t\t\t\t<\/a>\n\t\t\t\t\t\tAper\u00e7u modal-\n\t\t\t\t\t\t\t\t\t\t\t<h2 id=\"modal-title-\">Inscrivez-vous \u00e0 la liste de diffusion<\/h2>\t\t\t\t\t\t\t\t\t\t\t\t\t\t\t\t\n\t\t\t\t\t\t<p class=\"translation-block\">Si vous souhaitez \u00eatre averti lorsque <em>L'\u00c9veil des G\u00e9n\u00e9rations<\/em> est publi\u00e9, veuillez remplir le formulaire ci-dessous.<\/p>\n<form action=\"https:\/\/thegenerationalawakening.com\/fr\/wp-json\/ws-form\/v1\/submit\" class=\"wsf-form wsf-form-canvas\" id=\"ws-form-1\" data-id=\"6\" method=\"POST\" data-instance-id=\"1\" data-wsf-style-id=\"1\" data-trp-original-action=\"https:\/\/thegenerationalawakening.com\/fr\/wp-json\/ws-form\/v1\/submit\"><input type=\"hidden\" name=\"trp-form-language\" value=\"fr\"\/><\/form>\n<h3>\n\t\t\tPartenaire sponsor\t<\/h3>\n\t\t\t\t<a href=\"https:\/\/www.actioninternational.org\/\"  target=\"_blank\" rel=\"noopener\"  itemprop=\"url\">\n\t\t\t\t<img decoding=\"async\" src=\"https:\/\/thegenerationalawakening.com\/wp-content\/uploads\/2024\/07\/action-international-400.png\" alt=\"action international 400\" itemprop=\"image\" height=\"90\" width=\"400\" title=\"action internationale 400\" onerror=\"this.style.display='none'\" loading=\"lazy\" \/>\n\t\t\t\t<\/a>","protected":false},"excerpt":{"rendered":"<p>L&#039;\u00c9glise mondiale traverse une crise de discipulat o\u00f9 seulement 10% de jeunes dans nos familles et \u00e9glises chr\u00e9tiennes sont consid\u00e9r\u00e9s comme ayant une foi claire et \u00ab r\u00e9siliente \u00bb, et un nombre croissant quittent l&#039;\u00c9glise. De nombreux parents et dirigeants d\u2019\u00e9glise se sentent d\u00e9vast\u00e9s, vaincus et d\u00e9courag\u00e9s par cette r\u00e9alit\u00e9. Nous avons besoin d&#039;un\u2026<\/p>","protected":false},"author":1,"featured_media":0,"parent":0,"menu_order":0,"comment_status":"closed","ping_status":"closed","template":"","meta":{"_acf_changed":false,"give_campaign_id":0,"_seopress_robots_primary_cat":"","_seopress_titles_title":"","_seopress_titles_desc":"","_seopress_robots_index":"","footnotes":""},"class_list":["post-31","page","type-page","status-publish","hentry"],"acf":[],"campaignId":"","_links":{"self":[{"href":"https:\/\/thegenerationalawakening.com\/fr\/wp-json\/wp\/v2\/pages\/31","targetHints":{"allow":["GET"]}}],"collection":[{"href":"https:\/\/thegenerationalawakening.com\/fr\/wp-json\/wp\/v2\/pages"}],"about":[{"href":"https:\/\/thegenerationalawakening.com\/fr\/wp-json\/wp\/v2\/types\/page"}],"author":[{"embeddable":true,"href":"https:\/\/thegenerationalawakening.com\/fr\/wp-json\/wp\/v2\/users\/1"}],"replies":[{"embeddable":true,"href":"https:\/\/thegenerationalawakening.com\/fr\/wp-json\/wp\/v2\/comments?post=31"}],"version-history":[{"count":6,"href":"https:\/\/thegenerationalawakening.com\/fr\/wp-json\/wp\/v2\/pages\/31\/revisions"}],"predecessor-version":[{"id":1894,"href":"https:\/\/thegenerationalawakening.com\/fr\/wp-json\/wp\/v2\/pages\/31\/revisions\/1894"}],"wp:attachment":[{"href":"https:\/\/thegenerationalawakening.com\/fr\/wp-json\/wp\/v2\/media?parent=31"}],"curies":[{"name":"wp","href":"https:\/\/api.w.org\/{rel}","templated":true}]}}