{"id":301,"date":"2022-12-23T12:59:29","date_gmt":"2022-12-23T11:59:29","guid":{"rendered":"https:\/\/thegenerationalawakening.com\/?page_id=301"},"modified":"2026-01-22T09:51:45","modified_gmt":"2026-01-22T08:51:45","slug":"4ways","status":"publish","type":"page","link":"https:\/\/thegenerationalawakening.com\/fr\/4ways\/","title":{"rendered":"4 fa\u00e7ons"},"content":{"rendered":"<h1>\n\t\t\tQuatre fa\u00e7ons de participer\t<\/h1>\n<h3>\n\t\t\tEncourager, \u00e9quiper et donner aux familles et aux \u00e9glises les moyens d&#039;\u00e9lever des disciples forts et r\u00e9silients\t<\/h3>\n\t<h3>Prier<\/h3>\n<ul>\n<li>Prions pour la cr\u00e9ation de ressources et la publication d&#039;un livre \u00ab L&#039;\u00e9veil g\u00e9n\u00e9rationnel \u00bb.<\/li>\n<li>Pour des partenariats strat\u00e9giques autour du partage et de la diffusion du contenu sur les plateformes TGA.<\/li>\n<li>Pour la traduction de ressources dans d\u2019autres langues.<\/li>\n<li>Pour les moyens financiers de couvrir tous les frais de publication, de d\u00e9veloppement et de minist\u00e8re.<\/li>\n<\/ul>\n<h3>Promouvoir<\/h3>\n<ul>\n<li>Inscrivez-vous pour obtenir des informations et une copie num\u00e9rique gratuite du livre une fois publi\u00e9 <a href=\"https:\/\/thegenerationalawakening.com\/fr\/\">https:\/\/thegenerationalawakening.com\/<\/a><\/li>\n<li>Partager du contenu sur YouTube <a href=\"https:\/\/www.youtube.com\/@thegenerationalawakening777\" target=\"_blank\" rel=\"noopener\">https:\/\/www.youtube.com\/@thegenerationalawakening777<\/a><\/li>\n<li>Rejoignez le groupe Facebook <a href=\"https:\/\/www.facebook.com\/groups\/leveildesgenerations\" target=\"_blank\" rel=\"noopener\">https:\/\/www.facebook.com\/groups\/leveildesgenerations<\/a><\/li>\n<li>Partagez des liens vers des interviews et des ressources sur vos plateformes de m\u00e9dias sociaux (Facebook, LinkedIn, Instagram, etc.).<\/li>\n<li>Partagez avec les dirigeants chr\u00e9tiens, les enseignants et les praticiens du minist\u00e8re aupr\u00e8s des enfants, des jeunes et de la famille.<\/li>\n<li>Int\u00e9grez des liens dans le site Web de votre \u00e9glise et \/ ou de votre minist\u00e8re.<\/li>\n<\/ul>\n<h3>Jouer<\/h3>\n<ul>\n<li>Profitez de la formation et des ressources de votre famille, de votre \u00e9glise, de votre \u00e9cole et de votre minist\u00e8re.<\/li>\n<li>Cliquez sur S&#039;abonner, sur J&#039;aime et sur la cloche de notification sur la cha\u00eene YouTube.<\/li>\n<li>Postez un commentaire et\/ou une question sur chaque page de vid\u00e9o YouTube et elle sera mieux class\u00e9e.<\/li>\n<li>Abonnez-vous \u00e0 la cha\u00eene CloutHub.<\/li>\n<li>Postez un commentaire, une question ou un \u00ab j\u2019aime \u00bb sur la page Facebook une \u00e0 deux fois par semaine.<\/li>\n<li>Profitez de la recherche et du partage de toutes les ressources ou initiatives int\u00e9ressantes que vous connaissez ou d\u00e9couvrez <a href=\"mailto:harry@thegenerationalawakening.com\">harry@thegenerationalawakening.com<\/a>.<\/li>\n<\/ul>\n<h3>Payez au suivant<\/h3>\n<ul>\n<li><a href=\"https:\/\/thegenerationalawakening.com\/fr\/donate\/\">Faire un don<\/a>: les publications, ressources, site internet et vid\u00e9os d\u00e9pendent enti\u00e8rement des dons et de la g\u00e9n\u00e9rosit\u00e9.<\/li>\n<li>Un don ponctuel important aidera \u00e0 couvrir les frais imm\u00e9diats de publication, d&#039;enregistrement et de traduction.<\/li>\n<li>Un don mensuel r\u00e9gulier, aussi petit soit-il, aidera \u00e0 couvrir les d\u00e9penses r\u00e9guli\u00e8res de d\u00e9veloppement et d&#039;h\u00e9bergement.<\/li>\n<\/ul>\n<p>Merci de votre participation et de votre partenariat d&#039;une ou de toutes les mani\u00e8res ci-dessus.<\/p>\n<p>Multiplions la b\u00e9n\u00e9diction de Dieu et \u00e9levons ensemble, intentionnellement et de mani\u00e8re proactive, une g\u00e9n\u00e9ration de disciples de J\u00e9sus r\u00e9silients et permanents.<\/p>\n\t\t\t<a href=\"https:\/\/thegenerationalawakening.com\/wp-content\/uploads\/2024\/07\/4-Facons-de-Participer-French-2024-v2.pdf\"  target=\"_blank\" rel=\"noopener\">\n\t\t\t\t\t\t\tT\u00e9l\u00e9charger ces informations au format PDF\n\t\t\t\t\t<\/a>","protected":false},"excerpt":{"rendered":"<p>Quatre fa\u00e7ons de participer Encourager, \u00e9quiper et responsabiliser les familles et les \u00e9glises pour \u00e9lever des disciples forts et r\u00e9silients Priez Priez pour la cr\u00e9ation de ressources et la publication d&#039;un livre \u00ab L&#039;\u00e9veil g\u00e9n\u00e9rationnel \u00bb. Pour des partenariats strat\u00e9giques autour du partage et de la diffusion du contenu sur les plateformes TGA. Pour la traduction de ressources dans d\u2019autres langues.\u2026<\/p>","protected":false},"author":1,"featured_media":0,"parent":0,"menu_order":0,"comment_status":"closed","ping_status":"closed","template":"","meta":{"_acf_changed":false,"give_campaign_id":0,"_seopress_robots_primary_cat":"","_seopress_titles_title":"","_seopress_titles_desc":"","_seopress_robots_index":"","footnotes":""},"class_list":["post-301","page","type-page","status-publish","hentry"],"acf":[],"campaignId":"","_links":{"self":[{"href":"https:\/\/thegenerationalawakening.com\/fr\/wp-json\/wp\/v2\/pages\/301","targetHints":{"allow":["GET"]}}],"collection":[{"href":"https:\/\/thegenerationalawakening.com\/fr\/wp-json\/wp\/v2\/pages"}],"about":[{"href":"https:\/\/thegenerationalawakening.com\/fr\/wp-json\/wp\/v2\/types\/page"}],"author":[{"embeddable":true,"href":"https:\/\/thegenerationalawakening.com\/fr\/wp-json\/wp\/v2\/users\/1"}],"replies":[{"embeddable":true,"href":"https:\/\/thegenerationalawakening.com\/fr\/wp-json\/wp\/v2\/comments?post=301"}],"version-history":[{"count":3,"href":"https:\/\/thegenerationalawakening.com\/fr\/wp-json\/wp\/v2\/pages\/301\/revisions"}],"predecessor-version":[{"id":1977,"href":"https:\/\/thegenerationalawakening.com\/fr\/wp-json\/wp\/v2\/pages\/301\/revisions\/1977"}],"wp:attachment":[{"href":"https:\/\/thegenerationalawakening.com\/fr\/wp-json\/wp\/v2\/media?parent=301"}],"curies":[{"name":"wp","href":"https:\/\/api.w.org\/{rel}","templated":true}]}}