{"id":239,"date":"2022-04-22T12:52:48","date_gmt":"2022-04-22T10:52:48","guid":{"rendered":"https:\/\/thegenerationalawakening.com\/?page_id=239"},"modified":"2023-01-20T08:00:53","modified_gmt":"2023-01-20T07:00:53","slug":"leadership","status":"publish","type":"page","link":"https:\/\/thegenerationalawakening.com\/fr\/leadership\/","title":{"rendered":"Leadership"},"content":{"rendered":"<h1>\n\t\tLeadership\n\t<\/h1>\n\t<p>Depuis 2016, je suis membre de l'\u00e9quipe certifi\u00e9e Maxwell Leadership fond\u00e9e par l'ancien pasteur et expert en leadership de renomm\u00e9e mondiale, John C. Maxwell.<\/p>\n<p>Faire partie d'une telle \u00e9quipe et famille a eu un impact incroyable sur ma vie et mon minist\u00e8re. L\u2019ensemble du programme offre des possibilit\u00e9s plus vastes et plus vari\u00e9s de croissance, de service et d'impact.<\/p>\n<p>De nombreux membres certifi\u00e9s de l'\u00e9quipe sont des pasteurs ou responsables d'\u00e9glise. Ce programme leur donne acc\u00e8s au meilleur mat\u00e9riel de formation en mati\u00e8re de leadership. Il s\u2019agit l\u00e0 pour l\u2019\u00e9glise locale d\u2019un investissement strat\u00e9gique dans la formation des leaders de l\u2019\u00e9glise et par eux de ses membres et de la communaut\u00e9 autour.<\/p>\n<p>Si vous souhaitez en savoir plus sur le programme, comment devenir un membre certifi\u00e9 de l'\u00e9quipe et les conditions sp\u00e9ciales actuellement propos\u00e9es via mon invitation, laissez votre nom, votre adresse e-mail et votre t\u00e9l\u00e9phone dans le formulaire ci-dessous.<\/p>\n<p>Un conseiller du programme vous contactera pour organiser un appel afin d&#039;en savoir plus et de r\u00e9pondre \u00e0 toutes vos questions. Cet appel est totalement sans engagement et sans engagement de votre part. Cependant, cela pourrait vous aider \u00e0 trouver les r\u00e9ponses, les solutions et les opportunit\u00e9s que vous avez recherch\u00e9es et pour lesquelles vous avez pri\u00e9 !<\/p>\n<p>Que le Seigneur vous b\u00e9nisse, guide et confirme vos pas.<\/p>\n<p>Harry Bryans<\/p>\n\t\t\t\t<img loading=\"lazy\" decoding=\"async\" src=\"https:\/\/thegenerationalawakening.com\/wp-content\/uploads\/2022\/04\/John-M-Harry-900.jpg\" alt=\"John M &amp; Harry 900\" itemprop=\"image\" height=\"900\" width=\"900\" title=\"John M et Harry 900\" onerror=\"this.style.display='none'\"  \/>\n\t\t\t\t<img loading=\"lazy\" decoding=\"async\" src=\"https:\/\/thegenerationalawakening.com\/wp-content\/uploads\/2022\/04\/ML-Certified-Team-Logo_onindigo-copy.png\" alt=\"ML-Certified-Team-Logo_onindigo copy\" itemprop=\"image\" height=\"471\" width=\"900\" title=\"ML-Certified-Team-Logo_copie onindigo\" onerror=\"this.style.display='none'\"  \/>\n\t<form action=\"https:\/\/thegenerationalawakening.com\/fr\/wp-json\/ws-form\/v1\/submit\" class=\"wsf-form wsf-form-canvas\" id=\"ws-form-1\" data-id=\"9\" method=\"POST\" data-instance-id=\"1\" data-wsf-style-id=\"1\" data-trp-original-action=\"https:\/\/thegenerationalawakening.com\/fr\/wp-json\/ws-form\/v1\/submit\"><input type=\"hidden\" name=\"trp-form-language\" value=\"fr\"\/><\/form>","protected":false},"excerpt":{"rendered":"<p>Leadership\u00a0: Je suis membre certifi\u00e9 de l&#039;\u00e9quipe Maxwell Leadership depuis 2016. Cette organisation a \u00e9t\u00e9 fond\u00e9e par John C. Maxwell, ancien pasteur et expert en leadership de renomm\u00e9e mondiale. Faire partie d&#039;une telle \u00e9quipe et d&#039;une telle famille a eu un impact consid\u00e9rable sur ma vie et mon minist\u00e8re. Le programme actuel et les possibilit\u00e9s offertes sont plus vastes et plus\u2026<\/p>","protected":false},"author":1,"featured_media":0,"parent":0,"menu_order":0,"comment_status":"closed","ping_status":"closed","template":"","meta":{"_acf_changed":false,"give_campaign_id":0,"_seopress_robots_primary_cat":"","_seopress_titles_title":"","_seopress_titles_desc":"","_seopress_robots_index":"","footnotes":""},"class_list":["post-239","page","type-page","status-publish","hentry"],"acf":[],"campaignId":"","_links":{"self":[{"href":"https:\/\/thegenerationalawakening.com\/fr\/wp-json\/wp\/v2\/pages\/239","targetHints":{"allow":["GET"]}}],"collection":[{"href":"https:\/\/thegenerationalawakening.com\/fr\/wp-json\/wp\/v2\/pages"}],"about":[{"href":"https:\/\/thegenerationalawakening.com\/fr\/wp-json\/wp\/v2\/types\/page"}],"author":[{"embeddable":true,"href":"https:\/\/thegenerationalawakening.com\/fr\/wp-json\/wp\/v2\/users\/1"}],"replies":[{"embeddable":true,"href":"https:\/\/thegenerationalawakening.com\/fr\/wp-json\/wp\/v2\/comments?post=239"}],"version-history":[{"count":0,"href":"https:\/\/thegenerationalawakening.com\/fr\/wp-json\/wp\/v2\/pages\/239\/revisions"}],"wp:attachment":[{"href":"https:\/\/thegenerationalawakening.com\/fr\/wp-json\/wp\/v2\/media?parent=239"}],"curies":[{"name":"wp","href":"https:\/\/api.w.org\/{rel}","templated":true}]}}