{"id":151,"date":"2021-11-17T16:41:06","date_gmt":"2021-11-17T15:41:06","guid":{"rendered":"https:\/\/thegenerationalawakening.com\/?page_id=151"},"modified":"2023-06-12T17:02:40","modified_gmt":"2023-06-12T15:02:40","slug":"top-ten-website-resources","status":"publish","type":"page","link":"https:\/\/thegenerationalawakening.com\/fr\/resources\/top-ten-website-resources\/","title":{"rendered":"10 Sites Web de ressources"},"content":{"rendered":"<h1>\n\t\t10 Sites Web de ressources\n\t<\/h1>\n<h2>\n\t\tMax7\n\t<\/h2>\n\t\t\t\t<a href=\"https:\/\/www.max7.org\/en\" target=\"_blank\" rel=\"noopener\" itemprop=\"url\">\n\t\t\t\t<img loading=\"lazy\" decoding=\"async\" src=\"https:\/\/thegenerationalawakening.com\/wp-content\/uploads\/2021\/11\/max7-logo.jpg\" alt=\"max7 logo\" itemprop=\"image\" height=\"400\" width=\"400\" title=\"logo max7\" onerror=\"this.style.display='none'\"  \/>\n\t\t\t\t<\/a>\n\t<p>Max7 est une biblioth\u00e8que de ressources gratuites dans nombreuses langues pour le minist\u00e8re. Il existe pour servir le Corps du Christ, en particulier les enfants. Max7 veut voir des enfants partout vivre la vie au MAX avec J\u00e9sus 7 jours sur 7. Le site Web Max7 offre des ressources qui ont \u00e9t\u00e9 partag\u00e9es par des milliers de g\u00e9n\u00e9reux disciples de J\u00e9sus pour vous aider \u00e0 faire des disciples.<\/p>\n<p>Site Internet: <a href=\"https:\/\/www.max7.org\/en\" target=\"_blank\" rel=\"noopener\">https:\/\/www.max7.org\/en<\/a><\/p>\n<h2>\n\t\t1for50\n\t<\/h2>\n\t\t\t\t<a href=\"https:\/\/1for50.net\/\" target=\"_blank\" rel=\"noopener\" itemprop=\"url\">\n\t\t\t\t<img loading=\"lazy\" decoding=\"async\" src=\"https:\/\/thegenerationalawakening.com\/wp-content\/uploads\/2021\/11\/1for50-logo.jpg\" alt=\"1for50 logo\" itemprop=\"image\" height=\"400\" width=\"400\" title=\"logo 1pour50\" onerror=\"this.style.display='none'\"  \/>\n\t\t\t\t<\/a>\n\t<p>1for50 est un mouvement mondial qui connecte, \u00e9quipe et mobilise les dirigeants locaux du monde entier pour avoir un impact sur la prochaine g\u00e9n\u00e9ration pour Christ.<\/p>\n<p>Site Internet: <a href=\"https:\/\/1for50.net\/\" target=\"_blank\" rel=\"noopener\">https:\/\/1for50.net\/<\/a><\/p>\n<h2>\n\t\tChildren Everywhere (Des Enfants Partout)\n\t<\/h2>\n\t\t\t\t<a href=\"https:\/\/childreneverywhere.com\/\" target=\"_blank\" rel=\"noopener\" itemprop=\"url\">\n\t\t\t\t<img loading=\"lazy\" decoding=\"async\" src=\"https:\/\/thegenerationalawakening.com\/wp-content\/uploads\/2021\/11\/cewwj-logo.jpg\" alt=\"CE NEW logo v3.cdr\" itemprop=\"image\" height=\"400\" width=\"400\" title=\"CE NOUVEAU logo v3.cdr\" onerror=\"this.style.display='none'\"  \/>\n\t\t\t\t<\/a>\n\t<p>Le Forum mondial des enfants est une communaut\u00e9 partenaire qui s&#039;efforce ensemble de voir les enfants du monde entier marcher avec J\u00e9sus. Nous devons vraiment voir les enfants comme Dieu. Nous devons comprendre ce qu\u2019Il pense d\u2019eux et \u00eatre plus conscients de leur vie afin de pouvoir mieux les servir et marcher avec eux comme ils marchent avec J\u00e9sus.<\/p>\n<p>Site Internet: <a href=\"https:\/\/childreneverywhere.com\/\" target=\"_blank\" rel=\"noopener\">https:\/\/childreneverywhere.com\/<\/a><\/p>\n<h2>\n\t\t4\/14 Acad\u00e9mie\n\t<\/h2>\n\t\t\t\t<a href=\"https:\/\/414academy.pathwright.com\/\" target=\"_blank\" rel=\"noopener\" itemprop=\"url\">\n\t\t\t\t<img loading=\"lazy\" decoding=\"async\" src=\"https:\/\/thegenerationalawakening.com\/wp-content\/uploads\/2021\/11\/414-logo.jpg\" alt=\"414 logo\" itemprop=\"image\" height=\"400\" width=\"400\" title=\"logo 414\" onerror=\"this.style.display='none'\"  \/>\n\t\t\t\t<\/a>\n\t<p>Des formations en ligne gratuites pour le minist\u00e8re aupr\u00e8s des enfants, des jeunes et des familles.<\/p>\n<p>Site Internet: <a href=\"https:\/\/414academy.pathwright.com\/\" target=\"_blank\" rel=\"noopener\">https:\/\/414academy.pathwright.com\/<\/a><\/p>\n<h2>\n\t\tfamily.fit\n\t<\/h2>\n\t\t\t\t<a href=\"https:\/\/family.fit\/en\/\" target=\"_blank\" rel=\"noopener\" itemprop=\"url\">\n\t\t\t\t<img loading=\"lazy\" decoding=\"async\" src=\"https:\/\/thegenerationalawakening.com\/wp-content\/uploads\/2021\/11\/family-fit-400-logo.jpg\" alt=\"family fit 400 logo\" itemprop=\"image\" height=\"400\" width=\"400\" title=\"logo famille fit 400\" onerror=\"this.style.display='none'\"  \/>\n\t\t\t\t<\/a>\n\t<p>Family.fit est un programme pour tous les \u00e2ges, id\u00e9al pour aider votre famille \u00e0 grandir ensemble dans la foi et la forme physique. Chaque session est disponible \u00e0 la fois sur le site Web et sous forme de PDF t\u00e9l\u00e9chargeable. Vous trouverez plus de 1 500 sessions disponibles dans 21 langues.<\/p>\n<p>Site Internet: <a href=\"https:\/\/family.fit\/en\/\" target=\"_blank\" rel=\"noopener\">https:\/\/family.fit\/en\/<\/a><\/p>\n<h2>\n\t\tKidsHubs\n\t<\/h2>\n\t\t\t\t<a href=\"https:\/\/kidshubs.com\/\" target=\"_blank\" rel=\"noopener\" itemprop=\"url\">\n\t\t\t\t<img loading=\"lazy\" decoding=\"async\" src=\"https:\/\/thegenerationalawakening.com\/wp-content\/uploads\/2021\/11\/kidshubs-logo.jpg\" alt=\"kidshubs logo\" itemprop=\"image\" height=\"400\" width=\"400\" title=\"logo kidshubs\" onerror=\"this.style.display='none'\"  \/>\n\t\t\t\t<\/a>\n\t<p>KidsHubs est une strat\u00e9gie de discipulat gratuite avec du contenu et des directives pr\u00eats \u00e0 l'emploi.<\/p>\n<p>Site Internet: <a href=\"https:\/\/kidshubs.com\/\" target=\"_blank\" rel=\"noopener\">https:\/\/kidshubs.com\/<\/a><\/p>\n<h2>\n\t\tLa Bible App pour les Enfants\n\t<\/h2>\n\t\t\t\t<a href=\"https:\/\/kidshubs.com\/\" target=\"_blank\" rel=\"noopener\" itemprop=\"url\">\n\t\t\t\t<img loading=\"lazy\" decoding=\"async\" src=\"https:\/\/thegenerationalawakening.com\/wp-content\/uploads\/2021\/11\/bafk_app_logo.jpg\" alt=\"bafk_app_logo\" itemprop=\"image\" height=\"400\" width=\"400\" title=\"bafk_app_logo\" onerror=\"this.style.display='none'\"  \/>\n\t\t\t\t<\/a>\n\t<p>T\u00e9l\u00e9chargez gratuitement l&#039;application biblique pour enfants la plus populaire et aidez vos enfants \u00e0 tomber amoureux de la Parole de Dieu.<\/p>\n<p>Site Internet: <a href=\"https:\/\/www.bible.com\/kids\" target=\"_blank\" rel=\"noopener\">https:\/\/www.bible.com\/kids<\/a><\/p>\n<h2>\n\t\tLe BibleProject\n\t<\/h2>\n\t\t\t\t<a href=\"https:\/\/bibleproject.com\/\" target=\"_blank\" rel=\"noopener\" itemprop=\"url\">\n\t\t\t\t<img loading=\"lazy\" decoding=\"async\" src=\"https:\/\/thegenerationalawakening.com\/wp-content\/uploads\/2021\/11\/bible-project-logo.jpg\" alt=\"bible project logo\" itemprop=\"image\" height=\"400\" width=\"400\" title=\"logo du projet biblique\" onerror=\"this.style.display='none'\"  \/>\n\t\t\t\t<\/a>\n\t<p>Le BibleProject a pour mission d\u2019aider les personnes \u00e0 vivre la Bible comme une seule et m\u00eame histoire menant \u00e0 J\u00e9sus. C\u2019est une organisation ed-tech \u00e0 but non lucratif et un studio d'animation qui produit des vid\u00e9os bibliques 100% gratuites, des podcasts, des blogs, des cours et des ressources bibliques \u00e9ducatives pour aider \u00e0 rendre l'histoire biblique accessible \u00e0 tous, partout.<\/p>\n<p>Site Internet: <a href=\"https:\/\/bibleproject.com\/\" target=\"_blank\" rel=\"noopener\">https:\/\/bibleproject.com\/<\/a><\/p>\n<h2>\n\t\tL'Alliance de Pri\u00e8re\n\t<\/h2>\n\t\t\t\t<a href=\"https:\/\/theprayercovenant.org\/\" target=\"_blank\" rel=\"noopener\" itemprop=\"url\">\n\t\t\t\t<img loading=\"lazy\" decoding=\"async\" src=\"https:\/\/thegenerationalawakening.com\/wp-content\/uploads\/2021\/11\/the-prayer-covenant-logo.jpg\" alt=\"the prayer covenant logo\" itemprop=\"image\" height=\"400\" width=\"400\" title=\"le logo de l&#039;alliance de pri\u00e8re\" onerror=\"this.style.display='none'\"  \/>\n\t\t\t\t<\/a>\n\t<p>Faire des disciples parmi les enfants et les jeunes des nations. Notre passion est d&#039;aider les enfants et les adultes \u00e0 conna\u00eetre et \u00e0 comprendre l&#039;amour de Dieu pour eux et de les \u00e9quiper pour qu&#039;ils \u00e9voluent vers un style de vie de pri\u00e8re et d&#039;\u00e9vang\u00e9lisation.<\/p>\n<p>Site Internet: <a href=\"https:\/\/theprayercovenant.org\/\" target=\"_blank\" rel=\"noopener\">https:\/\/theprayercovenant.org\/<\/a><\/p>\n<h2>\n\t\tFree Bible Images (Images Bibliques Gratuites)\n\t<\/h2>\n\t\t\t\t<a href=\"https:\/\/freebibleimages.org\/\" target=\"_blank\" rel=\"noopener\" itemprop=\"url\">\n\t\t\t\t<img loading=\"lazy\" decoding=\"async\" src=\"https:\/\/thegenerationalawakening.com\/wp-content\/uploads\/2021\/11\/free-bible-images.jpg\" alt=\"free-bible-images\" itemprop=\"image\" height=\"400\" width=\"400\" title=\"images-de-la-bible-gratuites\" onerror=\"this.style.display='none'\"  \/>\n\t\t\t\t<\/a>\n\t<p>Ensembles gratuits d'images d'histoires bibliques pour l'enseignement. Plus de 1100 s\u00e9ries de sc\u00e8nes d'histoires bibliques \u00e0 visualiser, projeter ou t\u00e9l\u00e9charger.<\/p>\n<p>Site Internet: <a href=\"https:\/\/freebibleimages.org\/\" target=\"_blank\" rel=\"noopener\">https:\/\/freebibleimages.org\/<\/a><\/p>\n\t<a href=\"https:\/\/thegenerationalawakening.com\/wp-content\/uploads\/2022\/03\/10-Sites-Web-de-Ressources.pdf\" target=\"_self\" role=\"button\" download=\"Top-10-Resource-Websites-for-Families-and-Churches-v2.pdf\" aria-label=\"T\u00e9l\u00e9charger cette liste au format PDF\" rel=\"noopener\">\n\t\t\t\t\t\tT\u00e9l\u00e9charger cette liste au format PDF\n\t\t\t\t\t<\/a>","protected":false},"excerpt":{"rendered":"<p>Dix principales ressources du site Web Max7 Max7 est une biblioth\u00e8que de ressources minist\u00e9rielles gratuites dans de nombreuses langues. Elle existe pour servir le Corps du Christ, sp\u00e9cifiquement les enfants. Max7 veut voir les enfants du monde entier vivre au maximum avec J\u00e9sus 7 jours sur 7. Le site Web Max7 propose des ressources qui ont \u00e9t\u00e9 partag\u00e9es par des milliers de\u2026<\/p>","protected":false},"author":1,"featured_media":0,"parent":790,"menu_order":0,"comment_status":"closed","ping_status":"closed","template":"","meta":{"_acf_changed":false,"give_campaign_id":0,"_seopress_robots_primary_cat":"","_seopress_titles_title":"","_seopress_titles_desc":"","_seopress_robots_index":"","footnotes":""},"class_list":["post-151","page","type-page","status-publish","hentry"],"acf":[],"campaignId":"","_links":{"self":[{"href":"https:\/\/thegenerationalawakening.com\/fr\/wp-json\/wp\/v2\/pages\/151","targetHints":{"allow":["GET"]}}],"collection":[{"href":"https:\/\/thegenerationalawakening.com\/fr\/wp-json\/wp\/v2\/pages"}],"about":[{"href":"https:\/\/thegenerationalawakening.com\/fr\/wp-json\/wp\/v2\/types\/page"}],"author":[{"embeddable":true,"href":"https:\/\/thegenerationalawakening.com\/fr\/wp-json\/wp\/v2\/users\/1"}],"replies":[{"embeddable":true,"href":"https:\/\/thegenerationalawakening.com\/fr\/wp-json\/wp\/v2\/comments?post=151"}],"version-history":[{"count":1,"href":"https:\/\/thegenerationalawakening.com\/fr\/wp-json\/wp\/v2\/pages\/151\/revisions"}],"predecessor-version":[{"id":792,"href":"https:\/\/thegenerationalawakening.com\/fr\/wp-json\/wp\/v2\/pages\/151\/revisions\/792"}],"up":[{"embeddable":true,"href":"https:\/\/thegenerationalawakening.com\/fr\/wp-json\/wp\/v2\/pages\/790"}],"wp:attachment":[{"href":"https:\/\/thegenerationalawakening.com\/fr\/wp-json\/wp\/v2\/media?parent=151"}],"curies":[{"name":"wp","href":"https:\/\/api.w.org\/{rel}","templated":true}]}}