{"id":1384,"date":"2023-11-24T14:20:26","date_gmt":"2023-11-24T13:20:26","guid":{"rendered":"https:\/\/thegenerationalawakening.com\/?page_id=1384"},"modified":"2023-11-27T16:48:31","modified_gmt":"2023-11-27T15:48:31","slug":"news","status":"publish","type":"page","link":"https:\/\/thegenerationalawakening.com\/fr\/news\/","title":{"rendered":"Nouvelles"},"content":{"rendered":"<h1>\n\t\tNouvelles\n\t<\/h1>\n\t\tTous\n\t<ul>\n\t\t<li data-filter=\"*\" tabindex=\"0\" aria-label=\"Tous\">Tous<\/li><li data-filter=\".category-apologetics\" data-term=\"apologetics\" data-item-count=\"1\" tabindex=\"0\" aria-label=\"Apolog\u00e9tiques\">Apolog\u00e9tiques<\/li><li data-filter=\".category-bible\" data-term=\"bible\" data-item-count=\"2\" tabindex=\"0\" aria-label=\"Bible\">Bible<\/li><li data-filter=\".category-children-in-church-history\" data-term=\"children-in-church-history\" data-item-count=\"1\" tabindex=\"0\" aria-label=\"Les enfants dans l&#039;histoire de l&#039;\u00c9glise\">Les enfants dans l&#039;histoire de l&#039;\u00c9glise<\/li><li data-filter=\".category-childrens-ministry\" data-term=\"childrens-ministry\" data-item-count=\"1\" tabindex=\"0\" aria-label=\"Minist\u00e8re des enfants\">Minist\u00e8re des Enfants<\/li><li data-filter=\".category-church-growth\" data-term=\"church-growth\" data-item-count=\"1\" tabindex=\"0\" aria-label=\"Croissance de l&#039;\u00e9glise\">Croissance de l&#039;\u00e9glise<\/li><li data-filter=\".category-education\" data-term=\"education\" data-item-count=\"1\" tabindex=\"0\" aria-label=\"\u00c9ducation\">\u00c9ducation<\/li><li data-filter=\".category-family-ministry\" data-term=\"family-ministry\" data-item-count=\"1\" tabindex=\"0\" aria-label=\"Minist\u00e8re de la famille\">Minist\u00e8re de la famille<\/li><li data-filter=\".category-financial-discipleship\" data-term=\"financial-discipleship\" data-item-count=\"1\" tabindex=\"0\" aria-label=\"Discipulat financier\">Discipulat financier<\/li><li data-filter=\".category-interviews\" data-term=\"interviews\" data-item-count=\"1\" tabindex=\"0\" aria-label=\"Entrevues\">Entrevues<\/li><li data-filter=\".category-kingdom-entrepreneurship\" data-term=\"kingdom-entrepreneurship\" data-item-count=\"1\" tabindex=\"0\" aria-label=\"Entrepreneuriat du Royaume\">Entrepreneuriat du Royaume<\/li><li data-filter=\".category-news\" data-term=\"news\" data-item-count=\"4\" tabindex=\"0\" aria-label=\"Nouvelles\">Nouvelles<\/li>\t<\/ul>\n\t<meta itemscope itemprop=\"mainEntityOfPage\" itemtype=\"https:\/\/schema.org\/WebPage\" itemid=\"http:\/\/1376\" content=\"Test Post 4\" \/><meta itemprop=\"datePublished\" content=\"2023-11-24\" \/><meta itemprop=\"dateModified\" content=\"2023-11-27\" \/><meta itemprop=\"name\" content=\"The Generational Awakening\"\/><meta itemprop=\"url\" content=\"https:\/\/thegenerationalawakening.com\/author\/jamesburden\/\" \/><meta itemprop=\"name\" content=\"jamesburden\" \/><meta itemprop=\"interactionType\" content=\"https:\/\/schema.org\/CommentAction\" \/><meta itemprop=\"userInteractionCount\" content=\"0\" \/>\n\t\t\t\t<a href=\"https:\/\/thegenerationalawakening.com\/fr\/test-post-4\/\" target=\"_self\" itemprop=\"url\" rel=\"noopener\">\n\t\t\t\t<img decoding=\"async\" src=\"https:\/\/thegenerationalawakening.com\/wp-content\/plugins\/bbpowerpack\/modules\/pp-content-grid\/images\/placeholder.jpg\" alt=\"\" itemprop=\"image\" data-no-lazy=\"1\" onerror=\"this.style.display='none'\"  \/>\n\t\t\t\t<\/a>\n\t\t\t\t\t\t\t\t\t<h3 itemprop=\"headline\">\n\t\t\t\t\t\t\t\t\t\t\t\t\t<a href=\"https:\/\/thegenerationalawakening.com\/fr\/test-post-4\/\" title=\"Poste d&#039;essai 4\">\n\t\t\t\t\t\t\t\t\t\t\t\t\t\tPoste d&#039;essai 4\t\t\t\t\t\t\t\t\t\t\t\t\t<\/a>\n\t\t\t\t\t\t\t\t\t\t\t<\/h3>\n    <p>Pri ancillae fastidii et, quem paulo habemus usu no. Un duis int\u00e8gre un duo, erreur quodsi explicari ex la sienne. Eam unum iriure commodo et, veniam regione comprehensam ad nec. Mea ut habeo apeirian questio, vero compleccitur no ius. Denique facilisi laboramus vis et, dicam discere eam te, prima alienum eam id. Duo stet evertitur an, unum\u2026<\/p>\n    <a href=\"https:\/\/thegenerationalawakening.com\/fr\/test-post-4\/\" title=\"Poste d&#039;essai 4\">En savoir plus sur le test Post 4<\/a>\n\t<meta itemscope itemprop=\"mainEntityOfPage\" itemtype=\"https:\/\/schema.org\/WebPage\" itemid=\"http:\/\/1372\" content=\"Test Post 3\" \/><meta itemprop=\"datePublished\" content=\"2023-11-24\" \/><meta itemprop=\"dateModified\" content=\"2023-11-27\" \/><meta itemprop=\"name\" content=\"The Generational Awakening\"\/><meta itemprop=\"url\" content=\"https:\/\/thegenerationalawakening.com\/author\/jamesburden\/\" \/><meta itemprop=\"name\" content=\"jamesburden\" \/><meta itemprop=\"interactionType\" content=\"https:\/\/schema.org\/CommentAction\" \/><meta itemprop=\"userInteractionCount\" content=\"0\" \/>\n\t\t\t\t<a href=\"https:\/\/thegenerationalawakening.com\/fr\/test-post-3\/\" target=\"_self\" itemprop=\"url\" rel=\"noopener\">\n\t\t\t\t<img decoding=\"async\" src=\"https:\/\/thegenerationalawakening.com\/wp-content\/plugins\/bbpowerpack\/modules\/pp-content-grid\/images\/placeholder.jpg\" alt=\"\" itemprop=\"image\" data-no-lazy=\"1\" onerror=\"this.style.display='none'\"  \/>\n\t\t\t\t<\/a>\n\t\t\t\t\t\t\t\t\t<h3 itemprop=\"headline\">\n\t\t\t\t\t\t\t\t\t\t\t\t\t<a href=\"https:\/\/thegenerationalawakening.com\/fr\/test-post-3\/\" title=\"Poste d&#039;essai 3\">\n\t\t\t\t\t\t\t\t\t\t\t\t\t\tPoste d&#039;essai 3\t\t\t\t\t\t\t\t\t\t\t\t\t<\/a>\n\t\t\t\t\t\t\t\t\t\t\t<\/h3>\n    <p>Pri ancillae fastidii et, quem paulo habemus usu no. Un duis int\u00e8gre un duo, erreur quodsi explicari ex la sienne. Eam unum iriure commodo et, veniam regione comprehensam ad nec. Mea ut habeo apeirian questio, vero compleccitur no ius. Denique facilisi laboramus vis et, dicam discere eam te, prima alienum eam id. Duo stet evertitur an, unum\u2026<\/p>\n    <a href=\"https:\/\/thegenerationalawakening.com\/fr\/test-post-3\/\" title=\"Poste d&#039;essai 3\">En savoir plus sur le test post 3<\/a>\n\t<meta itemscope itemprop=\"mainEntityOfPage\" itemtype=\"https:\/\/schema.org\/WebPage\" itemid=\"http:\/\/1368\" content=\"Test Post 2\" \/><meta itemprop=\"datePublished\" content=\"2023-11-24\" \/><meta itemprop=\"dateModified\" content=\"2023-11-27\" \/><meta itemprop=\"name\" content=\"The Generational Awakening\"\/><meta itemprop=\"url\" content=\"https:\/\/thegenerationalawakening.com\/author\/jamesburden\/\" \/><meta itemprop=\"name\" content=\"jamesburden\" \/><meta itemprop=\"interactionType\" content=\"https:\/\/schema.org\/CommentAction\" \/><meta itemprop=\"userInteractionCount\" content=\"0\" \/>\n\t\t\t\t<a href=\"https:\/\/thegenerationalawakening.com\/fr\/test-post-2\/\" target=\"_self\" itemprop=\"url\" rel=\"noopener\">\n\t\t\t\t<img decoding=\"async\" src=\"https:\/\/thegenerationalawakening.com\/wp-content\/plugins\/bbpowerpack\/modules\/pp-content-grid\/images\/placeholder.jpg\" alt=\"\" itemprop=\"image\" data-no-lazy=\"1\" onerror=\"this.style.display='none'\"  \/>\n\t\t\t\t<\/a>\n\t\t\t\t\t\t\t\t\t<h3 itemprop=\"headline\">\n\t\t\t\t\t\t\t\t\t\t\t\t\t<a href=\"https:\/\/thegenerationalawakening.com\/fr\/test-post-2\/\" title=\"Poste d&#039;essai 2\">\n\t\t\t\t\t\t\t\t\t\t\t\t\t\tPoste d&#039;essai 2\t\t\t\t\t\t\t\t\t\t\t\t\t<\/a>\n\t\t\t\t\t\t\t\t\t\t\t<\/h3>\n    <p>Pri ancillae fastidii et, quem paulo habemus usu no. Un duis int\u00e8gre un duo, erreur quodsi explicari ex la sienne. Eam unum iriure commodo et, veniam regione comprehensam ad nec. Mea ut habeo apeirian questio, vero compleccitur no ius. Denique facilisi laboramus vis et, dicam discere eam te, prima alienum eam id. Duo stet evertitur an, unum\u2026<\/p>\n    <a href=\"https:\/\/thegenerationalawakening.com\/fr\/test-post-2\/\" title=\"Poste d&#039;essai 2\">En savoir plus sur le test post 2<\/a>\n\t<meta itemscope itemprop=\"mainEntityOfPage\" itemtype=\"https:\/\/schema.org\/WebPage\" itemid=\"http:\/\/1364\" content=\"Test Post 1\" \/><meta itemprop=\"datePublished\" content=\"2023-11-24\" \/><meta itemprop=\"dateModified\" content=\"2023-11-27\" \/><meta itemprop=\"name\" content=\"The Generational Awakening\"\/><meta itemprop=\"url\" content=\"https:\/\/thegenerationalawakening.com\/author\/jamesburden\/\" \/><meta itemprop=\"name\" content=\"jamesburden\" \/><meta itemprop=\"interactionType\" content=\"https:\/\/schema.org\/CommentAction\" \/><meta itemprop=\"userInteractionCount\" content=\"0\" \/>\n\t\t\t\t<a href=\"https:\/\/thegenerationalawakening.com\/fr\/test-post-1\/\" target=\"_self\" itemprop=\"url\" rel=\"noopener\">\n\t\t\t\t<img decoding=\"async\" src=\"https:\/\/thegenerationalawakening.com\/wp-content\/plugins\/bbpowerpack\/modules\/pp-content-grid\/images\/placeholder.jpg\" alt=\"\" itemprop=\"image\" data-no-lazy=\"1\" onerror=\"this.style.display='none'\"  \/>\n\t\t\t\t<\/a>\n\t\t\t\t\t\t\t\t\t<h3 itemprop=\"headline\">\n\t\t\t\t\t\t\t\t\t\t\t\t\t<a href=\"https:\/\/thegenerationalawakening.com\/fr\/test-post-1\/\" title=\"Poste d&#039;essai 1\">\n\t\t\t\t\t\t\t\t\t\t\t\t\t\tPoste d&#039;essai 1\t\t\t\t\t\t\t\t\t\t\t\t\t<\/a>\n\t\t\t\t\t\t\t\t\t\t\t<\/h3>\n    <p>Pri ancillae fastidii et, quem paulo habemus usu no. Un duis int\u00e8gre un duo, erreur quodsi explicari ex la sienne. Eam unum iriure commodo et, veniam regione comprehensam ad nec. Mea ut habeo apeirian questio, vero compleccitur no ius. Denique facilisi laboramus vis et, dicam discere eam te, prima alienum eam id. Duo stet evertitur an, unum\u2026<\/p>\n    <a href=\"https:\/\/thegenerationalawakening.com\/fr\/test-post-1\/\" title=\"Poste d&#039;essai 1\">En savoir plus sur le test post 1<\/a>\n\t\t<!-- .pp-content-posts -->","protected":false},"excerpt":{"rendered":"<p>Actualit\u00e9s Tous Tous Apolog\u00e9tique Bible Les enfants dans l&#039;histoire de l&#039;\u00c9glise Minist\u00e8re des enfants Croissance de l&#039;\u00c9glise \u00c9ducation Minist\u00e8re de la famille Discipulat financier Interviews Entreprenariat du Royaume Actualit\u00e9s Test Post 4 Pri ancillae fastidii et, quem paulo habemus usu no. Un duis int\u00e8gre un duo, erreur quodsi explicari ex la sienne. Eam unum iriure commodo et, veniam regione comprehensam ad nec. Et bien\u2026<\/p>","protected":false},"author":1,"featured_media":0,"parent":0,"menu_order":0,"comment_status":"closed","ping_status":"closed","template":"","meta":{"_acf_changed":false,"give_campaign_id":0,"_seopress_robots_primary_cat":"","_seopress_titles_title":"","_seopress_titles_desc":"","_seopress_robots_index":"","footnotes":""},"class_list":["post-1384","page","type-page","status-publish","hentry"],"acf":[],"campaignId":"","_links":{"self":[{"href":"https:\/\/thegenerationalawakening.com\/fr\/wp-json\/wp\/v2\/pages\/1384","targetHints":{"allow":["GET"]}}],"collection":[{"href":"https:\/\/thegenerationalawakening.com\/fr\/wp-json\/wp\/v2\/pages"}],"about":[{"href":"https:\/\/thegenerationalawakening.com\/fr\/wp-json\/wp\/v2\/types\/page"}],"author":[{"embeddable":true,"href":"https:\/\/thegenerationalawakening.com\/fr\/wp-json\/wp\/v2\/users\/1"}],"replies":[{"embeddable":true,"href":"https:\/\/thegenerationalawakening.com\/fr\/wp-json\/wp\/v2\/comments?post=1384"}],"version-history":[{"count":4,"href":"https:\/\/thegenerationalawakening.com\/fr\/wp-json\/wp\/v2\/pages\/1384\/revisions"}],"predecessor-version":[{"id":1397,"href":"https:\/\/thegenerationalawakening.com\/fr\/wp-json\/wp\/v2\/pages\/1384\/revisions\/1397"}],"wp:attachment":[{"href":"https:\/\/thegenerationalawakening.com\/fr\/wp-json\/wp\/v2\/media?parent=1384"}],"curies":[{"name":"wp","href":"https:\/\/api.w.org\/{rel}","templated":true}]}}